{"id":592,"date":"2024-08-01T12:07:46","date_gmt":"2024-08-01T10:07:46","guid":{"rendered":"https:\/\/ludivine-sophrologue.fr\/?page_id=592"},"modified":"2024-08-01T12:17:16","modified_gmt":"2024-08-01T10:17:16","slug":"politique-de-confidentialite","status":"publish","type":"page","link":"https:\/\/ludivine-sophrologue.fr\/index.php\/politique-de-confidentialite\/","title":{"rendered":"Politique de confidentialit\u00e9"},"content":{"rendered":"\t\t<div data-elementor-type=\"wp-page\" data-elementor-id=\"592\" class=\"elementor elementor-592\">\n\t\t\t\t<div class=\"elementor-element elementor-element-9aff92d e-flex e-con-boxed e-con e-parent\" data-id=\"9aff92d\" data-element_type=\"container\" data-e-type=\"container\">\n\t\t\t\t\t<div class=\"e-con-inner\">\n\t\t\t\t<div class=\"elementor-element elementor-element-a1a305e elementor-widget elementor-widget-text-editor\" data-id=\"a1a305e\" data-element_type=\"widget\" data-e-type=\"widget\" data-widget_type=\"text-editor.default\">\n\t\t\t\t<div class=\"elementor-widget-container\">\n\t\t\t\t\t\t\t\t\t<div class=\"row py-4 gx-4 gx-lg-5\"><h2>Politique de Confidentialit\u00e9<\/h2><h2>Introduction<\/h2><p>Bienvenue sur le site internet de Ludivine Sophrologue (ci-apr\u00e8s \u00ab\u00a0le Site\u00a0\u00bb). La protection de vos donn\u00e9es personnelles est une priorit\u00e9 pour nous. Cette politique de confidentialit\u00e9 vise \u00e0 vous informer sur les pratiques de collecte, d&rsquo;utilisation et de protection de vos informations personnelles lorsque vous utilisez notre Site.<\/p><h2>1. Collecte des donn\u00e9es personnelles<\/h2><p>Nous pouvons collecter et traiter les donn\u00e9es personnelles suivantes :<\/p><p>&#8211; Informations de contact : nom, adresse e-mail, num\u00e9ro de t\u00e9l\u00e9phone.<\/p><p>&#8211; Donn\u00e9es de navigation : adresse IP, type de navigateur, pages visit\u00e9es et dur\u00e9e de la visite.<\/p><p>&#8211; Donn\u00e9es de communication : contenu des messages que vous nous envoyez via les formulaires de contact.<\/p><h2>2. Utilisation des donn\u00e9es personnelles<\/h2><p>Les donn\u00e9es personnelles que nous collectons peuvent \u00eatre utilis\u00e9es pour :<\/p><p>&#8211; Fournir nos services : r\u00e9pondre \u00e0 vos demandes et questions, et organiser des s\u00e9ances de sophrologie.<\/p><p>&#8211; Am\u00e9liorer notre Site : analyser les donn\u00e9es de navigation pour optimiser l&rsquo;exp\u00e9rience utilisateur.<\/p><p>&#8211; Communication : vous envoyer des informations et des mises \u00e0 jour concernant nos services, si vous avez consenti \u00e0 recevoir ces communications.<\/p><h2>3. Partage des donn\u00e9es personnelles<\/h2><p>Nous ne partageons pas vos donn\u00e9es personnelles avec des tiers, sauf dans les cas suivants :<\/p><p>&#8211; Prestataires de services : nous pouvons partager vos donn\u00e9es avec des prestataires de services qui nous aident \u00e0 exploiter notre Site et \u00e0 fournir nos services, sous r\u00e9serve qu&rsquo;ils respectent cette politique de confidentialit\u00e9.<\/p><p>&#8211; Obligations l\u00e9gales : nous pouvons \u00eatre amen\u00e9s \u00e0 divulguer vos donn\u00e9es personnelles si la loi l&rsquo;exige ou en r\u00e9ponse \u00e0 des demandes l\u00e9gales des autorit\u00e9s publiques.<\/p><h2>4. S\u00e9curit\u00e9 des donn\u00e9es personnelles<\/h2><p>Nous mettons en \u0153uvre des mesures techniques et organisationnelles appropri\u00e9es pour prot\u00e9ger vos donn\u00e9es personnelles contre la perte, l&rsquo;acc\u00e8s non autoris\u00e9, la divulgation, l&rsquo;alt\u00e9ration ou la destruction.<\/p><h2>5. Conservation des donn\u00e9es personnelles<\/h2><p>Nous conservons vos donn\u00e9es personnelles aussi longtemps que n\u00e9cessaire pour les finalit\u00e9s d\u00e9crites dans cette politique de confidentialit\u00e9, ou conform\u00e9ment aux exigences l\u00e9gales.<\/p><h2>6. Vos droits<\/h2><p>Conform\u00e9ment \u00e0 la l\u00e9gislation en vigueur, vous disposez des droits suivants concernant vos donn\u00e9es personnelles :<\/p><p>&#8211; Droit d&rsquo;acc\u00e8s : vous pouvez demander l&rsquo;acc\u00e8s \u00e0 vos donn\u00e9es personnelles.<\/p><p>&#8211; Droit de rectification : vous pouvez demander la correction de donn\u00e9es personnelles inexactes.<\/p><p>&#8211; Droit de suppression : vous pouvez demander la suppression de vos donn\u00e9es personnelles.<\/p><p>&#8211; Droit d&rsquo;opposition : vous pouvez vous opposer au traitement de vos donn\u00e9es personnelles.<\/p><p>&#8211; Droit \u00e0 la portabilit\u00e9 : vous pouvez demander \u00e0 recevoir vos donn\u00e9es personnelles dans un format structur\u00e9, couramment utilis\u00e9 et lisible par machine.<\/p><p>Pour exercer ces droits, veuillez nous contacter \u00e0 l&rsquo;adresse suivante : <strong>laboiteasophrologie27@gmail.com<\/strong><\/p><h2>7. Cookies<\/h2><p>Notre Site utilise des cookies pour am\u00e9liorer votre exp\u00e9rience de navigation. Un cookie est un fichier texte d\u00e9pos\u00e9 sur votre appareil lors de la visite de notre Site. Vous pouvez g\u00e9rer vos pr\u00e9f\u00e9rences en mati\u00e8re de cookies via les param\u00e8tres de votre navigateur.<\/p><h2>8. Modifications de la politique de confidentialit\u00e9<\/h2><p>Nous pouvons mettre \u00e0 jour cette politique de confidentialit\u00e9 de temps \u00e0 autre. Toute modification sera publi\u00e9e sur cette page avec une date de mise \u00e0 jour. Nous vous encourageons \u00e0 consulter r\u00e9guli\u00e8rement cette politique pour rester inform\u00e9 de la mani\u00e8re dont nous prot\u00e9geons vos donn\u00e9es personnelles.<\/p><h2>9. Contact<\/h2><p>Pour toute question concernant cette politique de confidentialit\u00e9 ou le traitement de vos donn\u00e9es personnelles, veuillez nous contacter \u00e0 :<\/p><p><em><strong>Ludivine Sophrologue\u00a0\u00a0<\/strong><\/em><\/p><div class=\"elementor-element elementor-element-9c5ddce premium-header-block elementor-widget elementor-widget-premium-addon-dual-header\" data-id=\"9c5ddce\" data-element_type=\"widget\" data-widget_type=\"premium-addon-dual-header.default\"><div class=\"elementor-widget-container\"><p class=\"premium-dual-header-first-header \"><em><strong><span class=\"premium-dual-header-second-header \">419 rue du Bosc Fortier 27110 Le Troncq<\/span><\/strong><\/em><\/p><\/div><\/div><p><em><strong>+33769621581<\/strong><\/em><\/p><p><em><strong>laboiteasophrologie27@gmail.com<\/strong><\/em><\/p><\/div>\t\t\t\t\t\t\t\t<\/div>\n\t\t\t\t<\/div>\n\t\t\t\t\t<\/div>\n\t\t\t\t<\/div>\n\t\t\t\t<\/div>\n\t\t","protected":false},"excerpt":{"rendered":"<p>Politique de Confidentialit\u00e9 Introduction Bienvenue sur le site internet de Ludivine Sophrologue (ci-apr\u00e8s \u00ab\u00a0le Site\u00a0\u00bb). La protection de vos donn\u00e9es personnelles est une priorit\u00e9 pour nous. Cette politique de confidentialit\u00e9 vise \u00e0 vous informer sur les pratiques de collecte, d&rsquo;utilisation et de protection de vos informations personnelles lorsque vous utilisez notre Site. 1. Collecte des [&hellip;]<\/p>\n","protected":false},"author":1,"featured_media":0,"parent":0,"menu_order":0,"comment_status":"closed","ping_status":"closed","template":"elementor_header_footer","meta":{"ocean_post_layout":"","ocean_both_sidebars_style":"","ocean_both_sidebars_content_width":0,"ocean_both_sidebars_sidebars_width":0,"ocean_sidebar":"","ocean_second_sidebar":"","ocean_disable_margins":"enable","ocean_add_body_class":"","ocean_shortcode_before_top_bar":"","ocean_shortcode_after_top_bar":"","ocean_shortcode_before_header":"","ocean_shortcode_after_header":"","ocean_has_shortcode":"","ocean_shortcode_after_title":"","ocean_shortcode_before_footer_widgets":"","ocean_shortcode_after_footer_widgets":"","ocean_shortcode_before_footer_bottom":"","ocean_shortcode_after_footer_bottom":"","ocean_display_top_bar":"default","ocean_display_header":"default","ocean_header_style":"","ocean_center_header_left_menu":"","ocean_custom_header_template":"","ocean_custom_logo":0,"ocean_custom_retina_logo":0,"ocean_custom_logo_max_width":0,"ocean_custom_logo_tablet_max_width":0,"ocean_custom_logo_mobile_max_width":0,"ocean_custom_logo_max_height":0,"ocean_custom_logo_tablet_max_height":0,"ocean_custom_logo_mobile_max_height":0,"ocean_header_custom_menu":"","ocean_menu_typo_font_family":"","ocean_menu_typo_font_subset":"","ocean_menu_typo_font_size":0,"ocean_menu_typo_font_size_tablet":0,"ocean_menu_typo_font_size_mobile":0,"ocean_menu_typo_font_size_unit":"px","ocean_menu_typo_font_weight":"","ocean_menu_typo_font_weight_tablet":"","ocean_menu_typo_font_weight_mobile":"","ocean_menu_typo_transform":"","ocean_menu_typo_transform_tablet":"","ocean_menu_typo_transform_mobile":"","ocean_menu_typo_line_height":0,"ocean_menu_typo_line_height_tablet":0,"ocean_menu_typo_line_height_mobile":0,"ocean_menu_typo_line_height_unit":"","ocean_menu_typo_spacing":0,"ocean_menu_typo_spacing_tablet":0,"ocean_menu_typo_spacing_mobile":0,"ocean_menu_typo_spacing_unit":"","ocean_menu_link_color":"","ocean_menu_link_color_hover":"","ocean_menu_link_color_active":"","ocean_menu_link_background":"","ocean_menu_link_hover_background":"","ocean_menu_link_active_background":"","ocean_menu_social_links_bg":"","ocean_menu_social_hover_links_bg":"","ocean_menu_social_links_color":"","ocean_menu_social_hover_links_color":"","ocean_disable_title":"on","ocean_disable_heading":"default","ocean_post_title":"","ocean_post_subheading":"","ocean_post_title_style":"","ocean_post_title_background_color":"","ocean_post_title_background":0,"ocean_post_title_bg_image_position":"","ocean_post_title_bg_image_attachment":"","ocean_post_title_bg_image_repeat":"","ocean_post_title_bg_image_size":"","ocean_post_title_height":0,"ocean_post_title_bg_overlay":0.5,"ocean_post_title_bg_overlay_color":"","ocean_disable_breadcrumbs":"default","ocean_breadcrumbs_color":"","ocean_breadcrumbs_separator_color":"","ocean_breadcrumbs_links_color":"","ocean_breadcrumbs_links_hover_color":"","ocean_display_footer_widgets":"off","ocean_display_footer_bottom":"off","ocean_custom_footer_template":"","footnotes":""},"class_list":["post-592","page","type-page","status-publish","hentry","entry"],"yoast_head":"<!-- This site is optimized with the Yoast SEO plugin v27.3 - https:\/\/yoast.com\/product\/yoast-seo-wordpress\/ -->\n<title>Politique de confidentialit\u00e9 - Ludivine Sophrologue -<\/title>\n<meta name=\"robots\" content=\"index, follow, max-snippet:-1, max-image-preview:large, max-video-preview:-1\" \/>\n<link rel=\"canonical\" href=\"https:\/\/ludivine-sophrologue.fr\/index.php\/politique-de-confidentialite\/\" \/>\n<meta property=\"og:locale\" content=\"fr_FR\" \/>\n<meta property=\"og:type\" content=\"article\" \/>\n<meta property=\"og:title\" content=\"Politique de confidentialit\u00e9 - Ludivine Sophrologue -\" \/>\n<meta property=\"og:description\" content=\"Politique de Confidentialit\u00e9 Introduction Bienvenue sur le site internet de Ludivine Sophrologue (ci-apr\u00e8s \u00ab\u00a0le Site\u00a0\u00bb). La protection de vos donn\u00e9es personnelles est une priorit\u00e9 pour nous. Cette politique de confidentialit\u00e9 vise \u00e0 vous informer sur les pratiques de collecte, d&rsquo;utilisation et de protection de vos informations personnelles lorsque vous utilisez notre Site. 1. Collecte des [&hellip;]\" \/>\n<meta property=\"og:url\" content=\"https:\/\/ludivine-sophrologue.fr\/index.php\/politique-de-confidentialite\/\" \/>\n<meta property=\"og:site_name\" content=\"- Ludivine Sophrologue -\" \/>\n<meta property=\"article:modified_time\" content=\"2024-08-01T10:17:16+00:00\" \/>\n<meta name=\"twitter:card\" content=\"summary_large_image\" \/>\n<meta name=\"twitter:label1\" content=\"Dur\u00e9e de lecture estim\u00e9e\" \/>\n\t<meta name=\"twitter:data1\" content=\"3 minutes\" \/>\n<script type=\"application\/ld+json\" class=\"yoast-schema-graph\">{\"@context\":\"https:\\\/\\\/schema.org\",\"@graph\":[{\"@type\":\"WebPage\",\"@id\":\"https:\\\/\\\/ludivine-sophrologue.fr\\\/index.php\\\/politique-de-confidentialite\\\/\",\"url\":\"https:\\\/\\\/ludivine-sophrologue.fr\\\/index.php\\\/politique-de-confidentialite\\\/\",\"name\":\"Politique de confidentialit\u00e9 - Ludivine Sophrologue -\",\"isPartOf\":{\"@id\":\"https:\\\/\\\/ludivine-sophrologue.fr\\\/#website\"},\"datePublished\":\"2024-08-01T10:07:46+00:00\",\"dateModified\":\"2024-08-01T10:17:16+00:00\",\"breadcrumb\":{\"@id\":\"https:\\\/\\\/ludivine-sophrologue.fr\\\/index.php\\\/politique-de-confidentialite\\\/#breadcrumb\"},\"inLanguage\":\"fr-FR\",\"potentialAction\":[{\"@type\":\"ReadAction\",\"target\":[\"https:\\\/\\\/ludivine-sophrologue.fr\\\/index.php\\\/politique-de-confidentialite\\\/\"]}]},{\"@type\":\"BreadcrumbList\",\"@id\":\"https:\\\/\\\/ludivine-sophrologue.fr\\\/index.php\\\/politique-de-confidentialite\\\/#breadcrumb\",\"itemListElement\":[{\"@type\":\"ListItem\",\"position\":1,\"name\":\"Accueil\",\"item\":\"https:\\\/\\\/ludivine-sophrologue.fr\\\/\"},{\"@type\":\"ListItem\",\"position\":2,\"name\":\"Politique de confidentialit\u00e9\"}]},{\"@type\":\"WebSite\",\"@id\":\"https:\\\/\\\/ludivine-sophrologue.fr\\\/#website\",\"url\":\"https:\\\/\\\/ludivine-sophrologue.fr\\\/\",\"name\":\"- Ludivine Sophrologue -\",\"description\":\"La vie commence par la respiration\",\"potentialAction\":[{\"@type\":\"SearchAction\",\"target\":{\"@type\":\"EntryPoint\",\"urlTemplate\":\"https:\\\/\\\/ludivine-sophrologue.fr\\\/?s={search_term_string}\"},\"query-input\":{\"@type\":\"PropertyValueSpecification\",\"valueRequired\":true,\"valueName\":\"search_term_string\"}}],\"inLanguage\":\"fr-FR\"}]}<\/script>\n<!-- \/ Yoast SEO plugin. -->","yoast_head_json":{"title":"Politique de confidentialit\u00e9 - Ludivine Sophrologue -","robots":{"index":"index","follow":"follow","max-snippet":"max-snippet:-1","max-image-preview":"max-image-preview:large","max-video-preview":"max-video-preview:-1"},"canonical":"https:\/\/ludivine-sophrologue.fr\/index.php\/politique-de-confidentialite\/","og_locale":"fr_FR","og_type":"article","og_title":"Politique de confidentialit\u00e9 - Ludivine Sophrologue -","og_description":"Politique de Confidentialit\u00e9 Introduction Bienvenue sur le site internet de Ludivine Sophrologue (ci-apr\u00e8s \u00ab\u00a0le Site\u00a0\u00bb). La protection de vos donn\u00e9es personnelles est une priorit\u00e9 pour nous. Cette politique de confidentialit\u00e9 vise \u00e0 vous informer sur les pratiques de collecte, d&rsquo;utilisation et de protection de vos informations personnelles lorsque vous utilisez notre Site. 1. Collecte des [&hellip;]","og_url":"https:\/\/ludivine-sophrologue.fr\/index.php\/politique-de-confidentialite\/","og_site_name":"- Ludivine Sophrologue -","article_modified_time":"2024-08-01T10:17:16+00:00","twitter_card":"summary_large_image","twitter_misc":{"Dur\u00e9e de lecture estim\u00e9e":"3 minutes"},"schema":{"@context":"https:\/\/schema.org","@graph":[{"@type":"WebPage","@id":"https:\/\/ludivine-sophrologue.fr\/index.php\/politique-de-confidentialite\/","url":"https:\/\/ludivine-sophrologue.fr\/index.php\/politique-de-confidentialite\/","name":"Politique de confidentialit\u00e9 - Ludivine Sophrologue -","isPartOf":{"@id":"https:\/\/ludivine-sophrologue.fr\/#website"},"datePublished":"2024-08-01T10:07:46+00:00","dateModified":"2024-08-01T10:17:16+00:00","breadcrumb":{"@id":"https:\/\/ludivine-sophrologue.fr\/index.php\/politique-de-confidentialite\/#breadcrumb"},"inLanguage":"fr-FR","potentialAction":[{"@type":"ReadAction","target":["https:\/\/ludivine-sophrologue.fr\/index.php\/politique-de-confidentialite\/"]}]},{"@type":"BreadcrumbList","@id":"https:\/\/ludivine-sophrologue.fr\/index.php\/politique-de-confidentialite\/#breadcrumb","itemListElement":[{"@type":"ListItem","position":1,"name":"Accueil","item":"https:\/\/ludivine-sophrologue.fr\/"},{"@type":"ListItem","position":2,"name":"Politique de confidentialit\u00e9"}]},{"@type":"WebSite","@id":"https:\/\/ludivine-sophrologue.fr\/#website","url":"https:\/\/ludivine-sophrologue.fr\/","name":"- Ludivine Sophrologue -","description":"La vie commence par la respiration","potentialAction":[{"@type":"SearchAction","target":{"@type":"EntryPoint","urlTemplate":"https:\/\/ludivine-sophrologue.fr\/?s={search_term_string}"},"query-input":{"@type":"PropertyValueSpecification","valueRequired":true,"valueName":"search_term_string"}}],"inLanguage":"fr-FR"}]}},"_links":{"self":[{"href":"https:\/\/ludivine-sophrologue.fr\/index.php\/wp-json\/wp\/v2\/pages\/592","targetHints":{"allow":["GET"]}}],"collection":[{"href":"https:\/\/ludivine-sophrologue.fr\/index.php\/wp-json\/wp\/v2\/pages"}],"about":[{"href":"https:\/\/ludivine-sophrologue.fr\/index.php\/wp-json\/wp\/v2\/types\/page"}],"author":[{"embeddable":true,"href":"https:\/\/ludivine-sophrologue.fr\/index.php\/wp-json\/wp\/v2\/users\/1"}],"replies":[{"embeddable":true,"href":"https:\/\/ludivine-sophrologue.fr\/index.php\/wp-json\/wp\/v2\/comments?post=592"}],"version-history":[{"count":0,"href":"https:\/\/ludivine-sophrologue.fr\/index.php\/wp-json\/wp\/v2\/pages\/592\/revisions"}],"wp:attachment":[{"href":"https:\/\/ludivine-sophrologue.fr\/index.php\/wp-json\/wp\/v2\/media?parent=592"}],"curies":[{"name":"wp","href":"https:\/\/api.w.org\/{rel}","templated":true}]}}