{"id":581,"date":"2024-08-01T11:58:04","date_gmt":"2024-08-01T09:58:04","guid":{"rendered":"https:\/\/ludivine-sophrologue.fr\/?page_id=581"},"modified":"2024-08-01T12:05:17","modified_gmt":"2024-08-01T10:05:17","slug":"mentions-legales","status":"publish","type":"page","link":"https:\/\/ludivine-sophrologue.fr\/index.php\/mentions-legales\/","title":{"rendered":"Mentions l\u00e9gales"},"content":{"rendered":"\t\t<div data-elementor-type=\"wp-page\" data-elementor-id=\"581\" class=\"elementor elementor-581\">\n\t\t\t\t<div class=\"elementor-element elementor-element-9aff92d e-flex e-con-boxed e-con e-parent\" data-id=\"9aff92d\" data-element_type=\"container\" data-e-type=\"container\">\n\t\t\t\t\t<div class=\"e-con-inner\">\n\t\t\t\t<div class=\"elementor-element elementor-element-a1a305e elementor-widget elementor-widget-text-editor\" data-id=\"a1a305e\" data-element_type=\"widget\" data-e-type=\"widget\" data-widget_type=\"text-editor.default\">\n\t\t\t\t<div class=\"elementor-widget-container\">\n\t\t\t\t\t\t\t\t\t<div class=\"row py-4 gx-4 gx-lg-5\"><h4>Informations juridiques et sociales<\/h4><div class=\"text-muted mb-0\"><div class=\"mb-1\">Site internet: https:\/\/ludivine-sophrologue.fr\/<\/div><div class=\"mb-1\">Raison sociale: Ludivine LELONG &#8211; La bo\u00eete \u00e0 sophrologie<\/div><div class=\"mb-1\">Statut juridique: Entreprise individuelle<\/div><div class=\"mb-1\">Adresse de l&rsquo;entreprise: 419 rue du Bosc Fortier 27110 LE TRONCQ<\/div><div class=\"mb-1\">N\u00b0 d\u2019inscription au registre du commerce: J00026973867<\/div><div class=\"mb-1\">SIRET: 977689280<\/div><div class=\"mb-1\">Responsable de la publication: Ludivine LELONG<\/div><div class=\"mb-1\">Email: laboiteasophrologie27@gmail.com<\/div><div class=\"mb-1\">T\u00e9l\u00e9phone: +33769621581<\/div><div>\u00a0<\/div><\/div><\/div><div class=\"row py-4 gx-4 gx-lg-5\"><h4>\u00c9diteur<\/h4><div class=\"text-muted mb-0\"><p>Ce site est \u00e9dit\u00e9 par Ludivine LELONG (responsable de la publication).<\/p><\/div><\/div><div class=\"row py-4 gx-4 gx-lg-5\"><h4>H\u00e9bergeur<\/h4><div class=\"text-muted mb-0\"><p>Ce site est h\u00e9berg\u00e9 par la soci\u00e9t\u00e9 OVH SAS filiale de la soci\u00e9t\u00e9 OVH Groupe SA, soci\u00e9t\u00e9 immatricul\u00e9e au RCS de Lille sous le num\u00e9ro 537 407 926 sise <b>2, rue Kellermann, 59100 Roubaix<\/b>.<\/p><\/div><\/div><div class=\"row py-4 gx-4 gx-lg-5\"><h4>Droits d&rsquo;auteurs et propri\u00e9t\u00e9 intellectuelle<\/h4><div class=\"text-muted mb-0\"><p>L\u2019ensemble de ce site rel\u00e8ve de la l\u00e9gislation fran\u00e7aise et internationale sur le droit d\u2019auteur et la propri\u00e9t\u00e9 intellectuelle. Tous les droits de reproduction sont r\u00e9serv\u00e9s, y compris pour les documents t\u00e9l\u00e9chargeables et les repr\u00e9sentations iconographiques et photographiques.<\/p><p>Le propri\u00e9taire du site poss\u00e8de les droits de propri\u00e9t\u00e9 intellectuelle ou d\u00e9tient les droits d&rsquo;utilisation sur tous les \u00e9l\u00e9ments pr\u00e9sents sur le site, incluant les textes, images, graphismes, logo, ic\u00f4nes, sons, logiciels, etc. Il est interdit de reproduire, repr\u00e9senter, modifier, publier, adapter totalement ou partiellement les \u00e9l\u00e9ments du site, quel que soit le moyen ou la m\u00e9thode utilis\u00e9e, sauf si une autorisation \u00e9crite pr\u00e9alable a \u00e9t\u00e9 obtenue via le courriel du site. Toute exploitation non autoris\u00e9e du site ou des \u00e9l\u00e9ments qu&rsquo;il contient sera consid\u00e9r\u00e9e comme une contrefa\u00e7on et poursuivie conform\u00e9ment aux articles L.335-2 et suivants du Code de Propri\u00e9t\u00e9 Intellectuelle.<\/p><\/div><\/div><div class=\"row py-4 gx-4 gx-lg-5\"><h4>Services offerts<\/h4><div class=\"text-muted mb-0\"><p>Le but du site est de fournir des informations sur les activit\u00e9s de la soci\u00e9t\u00e9. Les informations fournies sur le site sont pr\u00e9cises, mais le propri\u00e9taire du site ne peut \u00eatre tenu responsable des omissions, des inexactitudes ou des mises \u00e0 jour manquantes, caus\u00e9es par lui-m\u00eame ou par des partenaires. Les informations sur le site sont donn\u00e9es \u00e0 titre indicatif, peuvent ne pas \u00eatre exhaustives et peuvent \u00eatre sujettes \u00e0 des changements.<\/p><\/div><\/div><div class=\"row py-4 gx-4 gx-lg-5\"><h4>Politique de cookies<\/h4><div class=\"text-muted mb-0\"><p>Ce site contient des liens hypertextes vers d&rsquo;autres sites, tels que des partenaires et des sources d&rsquo;informations, qui ont \u00e9t\u00e9 ajout\u00e9s avec la permission du propri\u00e9taire du site. Cependant, le propri\u00e9taire du site n&rsquo;a pas la capacit\u00e9 de v\u00e9rifier le contenu des sites li\u00e9s et d\u00e9cline donc toute responsabilit\u00e9 en ce qui concerne les risques potentiels de contenus ill\u00e9gaux.<\/p><p>Les utilisateurs sont inform\u00e9s que lors de leur visite sur le site, des cookies peuvent \u00eatre automatiquement install\u00e9s sur leur ordinateur. Un cookie est un petit fichier qui ne permet pas l&rsquo;identification de l&rsquo;utilisateur, mais qui enregistre des informations sur la navigation sur un site. Les donn\u00e9es obtenues gr\u00e2ce \u00e0 ces cookies visent \u00e0 faciliter la navigation ult\u00e9rieure sur le site et \u00e0 permettre des mesures de fr\u00e9quentation.<\/p><p>Il est possible de configurer le logiciel de navigation pour recevoir une notification lorsqu&rsquo;un cookie est pr\u00e9sent et, \u00e9ventuellement, de les refuser en suivant les instructions disponibles sur www.cnil.fr. Le refus d&rsquo;installer un cookie peut emp\u00eacher l&rsquo;acc\u00e8s \u00e0 certains services. Il est \u00e9galement possible de configurer son ordinateur pour refuser l&rsquo;installation des cookies en suivant les \u00e9tapes suivantes sur Internet Explorer : Onglet Outils \/ Options Internet. Cliquez sur Confidentialit\u00e9 et choisissez Bloquer tous les cookies. Validez sur Ok.<\/p><\/div><\/div><div class=\"row py-4 gx-4 gx-lg-5\"><h4>Gestion des donn\u00e9es personnelles \u2013 RGPD<\/h4><div class=\"text-muted mb-0\"><p>Notre site accorde une grande importance \u00e0 la protection des biens et des personnes en mati\u00e8re de gestion des donn\u00e9es personnelles. Nous sommes en conformit\u00e9 avec les lois et r\u00e9glementations fran\u00e7aises et europ\u00e9ennes en vigueur, notamment la loi 78-87 du 6 janvier 1978, la loi 2004-801 du 6 ao\u00fbt 2004, l&rsquo;article L. 226-13 du Code p\u00e9nal et la Directive Europ\u00e9enne du 24 octobre 1995.<\/p><p>Notre site ne collecte des informations personnelles sur les utilisateurs que lorsque cela est strictement n\u00e9cessaire pour les services propos\u00e9s. Les utilisateurs fournissent ces informations de mani\u00e8re consciente et volontaire. Nous informons clairement les utilisateurs si la fourniture de ces informations est obligatoire ou facultative.<\/p><p>Conform\u00e9ment \u00e0 la loi 78-17 du 6 janvier 1978 relative \u00e0 l&rsquo;informatique, aux fichiers et aux libert\u00e9s, tous les utilisateurs ont le droit d&rsquo;acc\u00e9der, de rectifier, de supprimer et de s&rsquo;opposer aux donn\u00e9es personnelles les concernant.<\/p><p>Pour exercer ce droit, vous pouvez envoyer votre demande par e-mail ou par courrier postal accompagn\u00e9 d&rsquo;une copie de votre pi\u00e8ce d&rsquo;identit\u00e9 avec signature.<\/p><p>Nous garantissons que les informations personnelles des utilisateurs ne seront jamais publi\u00e9es, \u00e9chang\u00e9es, transf\u00e9r\u00e9es, c\u00e9d\u00e9es ou vendues \u00e0 des tiers sans leur consentement. La seule exception \u00e0 cette r\u00e8gle serait en cas de rachat du site galetrouge.net et de ses droits, dans ce cas, les informations pourraient \u00eatre transmises \u00e0 l&rsquo;acqu\u00e9reur qui serait tenu de respecter les m\u00eames obligations de conservation et de modification des donn\u00e9es envers nos utilisateurs.<\/p><p>Notre site est conforme au RGPD et les bases de donn\u00e9es sont prot\u00e9g\u00e9es par les dispositions de la loi du 1er juillet 1998 transposant la directive 96\/9 du 11 mars 1996 relative \u00e0 la protection juridique des bases de donn\u00e9es.<\/p><\/div><\/div>\t\t\t\t\t\t\t\t<\/div>\n\t\t\t\t<\/div>\n\t\t\t\t\t<\/div>\n\t\t\t\t<\/div>\n\t\t\t\t<\/div>\n\t\t","protected":false},"excerpt":{"rendered":"<p>Informations juridiques et sociales Site internet: https:\/\/ludivine-sophrologue.fr\/Raison sociale: Ludivine LELONG &#8211; La bo\u00eete \u00e0 sophrologieStatut juridique: Entreprise individuelleAdresse de l&rsquo;entreprise: 419 rue du Bosc Fortier 27110 LE TRONCQN\u00b0 d\u2019inscription au registre du commerce: J00026973867SIRET: 977689280Responsable de la publication: Ludivine LELONGEmail: laboiteasophrologie27@gmail.comT\u00e9l\u00e9phone: +33769621581\u00a0 \u00c9diteur Ce site est \u00e9dit\u00e9 par Ludivine LELONG (responsable de la publication). H\u00e9bergeur [&hellip;]<\/p>\n","protected":false},"author":1,"featured_media":0,"parent":0,"menu_order":0,"comment_status":"closed","ping_status":"closed","template":"elementor_header_footer","meta":{"ocean_post_layout":"","ocean_both_sidebars_style":"","ocean_both_sidebars_content_width":0,"ocean_both_sidebars_sidebars_width":0,"ocean_sidebar":"","ocean_second_sidebar":"","ocean_disable_margins":"enable","ocean_add_body_class":"","ocean_shortcode_before_top_bar":"","ocean_shortcode_after_top_bar":"","ocean_shortcode_before_header":"","ocean_shortcode_after_header":"","ocean_has_shortcode":"","ocean_shortcode_after_title":"","ocean_shortcode_before_footer_widgets":"","ocean_shortcode_after_footer_widgets":"","ocean_shortcode_before_footer_bottom":"","ocean_shortcode_after_footer_bottom":"","ocean_display_top_bar":"default","ocean_display_header":"default","ocean_header_style":"","ocean_center_header_left_menu":"","ocean_custom_header_template":"","ocean_custom_logo":0,"ocean_custom_retina_logo":0,"ocean_custom_logo_max_width":0,"ocean_custom_logo_tablet_max_width":0,"ocean_custom_logo_mobile_max_width":0,"ocean_custom_logo_max_height":0,"ocean_custom_logo_tablet_max_height":0,"ocean_custom_logo_mobile_max_height":0,"ocean_header_custom_menu":"","ocean_menu_typo_font_family":"","ocean_menu_typo_font_subset":"","ocean_menu_typo_font_size":0,"ocean_menu_typo_font_size_tablet":0,"ocean_menu_typo_font_size_mobile":0,"ocean_menu_typo_font_size_unit":"px","ocean_menu_typo_font_weight":"","ocean_menu_typo_font_weight_tablet":"","ocean_menu_typo_font_weight_mobile":"","ocean_menu_typo_transform":"","ocean_menu_typo_transform_tablet":"","ocean_menu_typo_transform_mobile":"","ocean_menu_typo_line_height":0,"ocean_menu_typo_line_height_tablet":0,"ocean_menu_typo_line_height_mobile":0,"ocean_menu_typo_line_height_unit":"","ocean_menu_typo_spacing":0,"ocean_menu_typo_spacing_tablet":0,"ocean_menu_typo_spacing_mobile":0,"ocean_menu_typo_spacing_unit":"","ocean_menu_link_color":"","ocean_menu_link_color_hover":"","ocean_menu_link_color_active":"","ocean_menu_link_background":"","ocean_menu_link_hover_background":"","ocean_menu_link_active_background":"","ocean_menu_social_links_bg":"","ocean_menu_social_hover_links_bg":"","ocean_menu_social_links_color":"","ocean_menu_social_hover_links_color":"","ocean_disable_title":"on","ocean_disable_heading":"default","ocean_post_title":"","ocean_post_subheading":"","ocean_post_title_style":"","ocean_post_title_background_color":"","ocean_post_title_background":0,"ocean_post_title_bg_image_position":"","ocean_post_title_bg_image_attachment":"","ocean_post_title_bg_image_repeat":"","ocean_post_title_bg_image_size":"","ocean_post_title_height":0,"ocean_post_title_bg_overlay":0.5,"ocean_post_title_bg_overlay_color":"","ocean_disable_breadcrumbs":"default","ocean_breadcrumbs_color":"","ocean_breadcrumbs_separator_color":"","ocean_breadcrumbs_links_color":"","ocean_breadcrumbs_links_hover_color":"","ocean_display_footer_widgets":"off","ocean_display_footer_bottom":"off","ocean_custom_footer_template":"","footnotes":""},"class_list":["post-581","page","type-page","status-publish","hentry","entry"],"yoast_head":"<!-- This site is optimized with the Yoast SEO plugin v27.3 - https:\/\/yoast.com\/product\/yoast-seo-wordpress\/ -->\n<title>Mentions l\u00e9gales - Ludivine Sophrologue -<\/title>\n<meta name=\"robots\" content=\"index, follow, max-snippet:-1, max-image-preview:large, max-video-preview:-1\" \/>\n<link rel=\"canonical\" href=\"https:\/\/ludivine-sophrologue.fr\/index.php\/mentions-legales\/\" \/>\n<meta property=\"og:locale\" content=\"fr_FR\" \/>\n<meta property=\"og:type\" content=\"article\" \/>\n<meta property=\"og:title\" content=\"Mentions l\u00e9gales - Ludivine Sophrologue -\" \/>\n<meta property=\"og:description\" content=\"Informations juridiques et sociales Site internet: https:\/\/ludivine-sophrologue.fr\/Raison sociale: Ludivine LELONG &#8211; La bo\u00eete \u00e0 sophrologieStatut juridique: Entreprise individuelleAdresse de l&rsquo;entreprise: 419 rue du Bosc Fortier 27110 LE TRONCQN\u00b0 d\u2019inscription au registre du commerce: J00026973867SIRET: 977689280Responsable de la publication: Ludivine LELONGEmail: laboiteasophrologie27@gmail.comT\u00e9l\u00e9phone: +33769621581\u00a0 \u00c9diteur Ce site est \u00e9dit\u00e9 par Ludivine LELONG (responsable de la publication). H\u00e9bergeur [&hellip;]\" \/>\n<meta property=\"og:url\" content=\"https:\/\/ludivine-sophrologue.fr\/index.php\/mentions-legales\/\" \/>\n<meta property=\"og:site_name\" content=\"- Ludivine Sophrologue -\" \/>\n<meta property=\"article:modified_time\" content=\"2024-08-01T10:05:17+00:00\" \/>\n<meta name=\"twitter:card\" content=\"summary_large_image\" \/>\n<meta name=\"twitter:label1\" content=\"Dur\u00e9e de lecture estim\u00e9e\" \/>\n\t<meta name=\"twitter:data1\" content=\"5 minutes\" \/>\n<script type=\"application\/ld+json\" class=\"yoast-schema-graph\">{\"@context\":\"https:\\\/\\\/schema.org\",\"@graph\":[{\"@type\":\"WebPage\",\"@id\":\"https:\\\/\\\/ludivine-sophrologue.fr\\\/index.php\\\/mentions-legales\\\/\",\"url\":\"https:\\\/\\\/ludivine-sophrologue.fr\\\/index.php\\\/mentions-legales\\\/\",\"name\":\"Mentions l\u00e9gales - Ludivine Sophrologue -\",\"isPartOf\":{\"@id\":\"https:\\\/\\\/ludivine-sophrologue.fr\\\/#website\"},\"datePublished\":\"2024-08-01T09:58:04+00:00\",\"dateModified\":\"2024-08-01T10:05:17+00:00\",\"breadcrumb\":{\"@id\":\"https:\\\/\\\/ludivine-sophrologue.fr\\\/index.php\\\/mentions-legales\\\/#breadcrumb\"},\"inLanguage\":\"fr-FR\",\"potentialAction\":[{\"@type\":\"ReadAction\",\"target\":[\"https:\\\/\\\/ludivine-sophrologue.fr\\\/index.php\\\/mentions-legales\\\/\"]}]},{\"@type\":\"BreadcrumbList\",\"@id\":\"https:\\\/\\\/ludivine-sophrologue.fr\\\/index.php\\\/mentions-legales\\\/#breadcrumb\",\"itemListElement\":[{\"@type\":\"ListItem\",\"position\":1,\"name\":\"Accueil\",\"item\":\"https:\\\/\\\/ludivine-sophrologue.fr\\\/\"},{\"@type\":\"ListItem\",\"position\":2,\"name\":\"Mentions l\u00e9gales\"}]},{\"@type\":\"WebSite\",\"@id\":\"https:\\\/\\\/ludivine-sophrologue.fr\\\/#website\",\"url\":\"https:\\\/\\\/ludivine-sophrologue.fr\\\/\",\"name\":\"- Ludivine Sophrologue -\",\"description\":\"La vie commence par la respiration\",\"potentialAction\":[{\"@type\":\"SearchAction\",\"target\":{\"@type\":\"EntryPoint\",\"urlTemplate\":\"https:\\\/\\\/ludivine-sophrologue.fr\\\/?s={search_term_string}\"},\"query-input\":{\"@type\":\"PropertyValueSpecification\",\"valueRequired\":true,\"valueName\":\"search_term_string\"}}],\"inLanguage\":\"fr-FR\"}]}<\/script>\n<!-- \/ Yoast SEO plugin. -->","yoast_head_json":{"title":"Mentions l\u00e9gales - Ludivine Sophrologue -","robots":{"index":"index","follow":"follow","max-snippet":"max-snippet:-1","max-image-preview":"max-image-preview:large","max-video-preview":"max-video-preview:-1"},"canonical":"https:\/\/ludivine-sophrologue.fr\/index.php\/mentions-legales\/","og_locale":"fr_FR","og_type":"article","og_title":"Mentions l\u00e9gales - Ludivine Sophrologue -","og_description":"Informations juridiques et sociales Site internet: https:\/\/ludivine-sophrologue.fr\/Raison sociale: Ludivine LELONG &#8211; La bo\u00eete \u00e0 sophrologieStatut juridique: Entreprise individuelleAdresse de l&rsquo;entreprise: 419 rue du Bosc Fortier 27110 LE TRONCQN\u00b0 d\u2019inscription au registre du commerce: J00026973867SIRET: 977689280Responsable de la publication: Ludivine LELONGEmail: laboiteasophrologie27@gmail.comT\u00e9l\u00e9phone: +33769621581\u00a0 \u00c9diteur Ce site est \u00e9dit\u00e9 par Ludivine LELONG (responsable de la publication). H\u00e9bergeur [&hellip;]","og_url":"https:\/\/ludivine-sophrologue.fr\/index.php\/mentions-legales\/","og_site_name":"- Ludivine Sophrologue -","article_modified_time":"2024-08-01T10:05:17+00:00","twitter_card":"summary_large_image","twitter_misc":{"Dur\u00e9e de lecture estim\u00e9e":"5 minutes"},"schema":{"@context":"https:\/\/schema.org","@graph":[{"@type":"WebPage","@id":"https:\/\/ludivine-sophrologue.fr\/index.php\/mentions-legales\/","url":"https:\/\/ludivine-sophrologue.fr\/index.php\/mentions-legales\/","name":"Mentions l\u00e9gales - Ludivine Sophrologue -","isPartOf":{"@id":"https:\/\/ludivine-sophrologue.fr\/#website"},"datePublished":"2024-08-01T09:58:04+00:00","dateModified":"2024-08-01T10:05:17+00:00","breadcrumb":{"@id":"https:\/\/ludivine-sophrologue.fr\/index.php\/mentions-legales\/#breadcrumb"},"inLanguage":"fr-FR","potentialAction":[{"@type":"ReadAction","target":["https:\/\/ludivine-sophrologue.fr\/index.php\/mentions-legales\/"]}]},{"@type":"BreadcrumbList","@id":"https:\/\/ludivine-sophrologue.fr\/index.php\/mentions-legales\/#breadcrumb","itemListElement":[{"@type":"ListItem","position":1,"name":"Accueil","item":"https:\/\/ludivine-sophrologue.fr\/"},{"@type":"ListItem","position":2,"name":"Mentions l\u00e9gales"}]},{"@type":"WebSite","@id":"https:\/\/ludivine-sophrologue.fr\/#website","url":"https:\/\/ludivine-sophrologue.fr\/","name":"- Ludivine Sophrologue -","description":"La vie commence par la respiration","potentialAction":[{"@type":"SearchAction","target":{"@type":"EntryPoint","urlTemplate":"https:\/\/ludivine-sophrologue.fr\/?s={search_term_string}"},"query-input":{"@type":"PropertyValueSpecification","valueRequired":true,"valueName":"search_term_string"}}],"inLanguage":"fr-FR"}]}},"_links":{"self":[{"href":"https:\/\/ludivine-sophrologue.fr\/index.php\/wp-json\/wp\/v2\/pages\/581","targetHints":{"allow":["GET"]}}],"collection":[{"href":"https:\/\/ludivine-sophrologue.fr\/index.php\/wp-json\/wp\/v2\/pages"}],"about":[{"href":"https:\/\/ludivine-sophrologue.fr\/index.php\/wp-json\/wp\/v2\/types\/page"}],"author":[{"embeddable":true,"href":"https:\/\/ludivine-sophrologue.fr\/index.php\/wp-json\/wp\/v2\/users\/1"}],"replies":[{"embeddable":true,"href":"https:\/\/ludivine-sophrologue.fr\/index.php\/wp-json\/wp\/v2\/comments?post=581"}],"version-history":[{"count":0,"href":"https:\/\/ludivine-sophrologue.fr\/index.php\/wp-json\/wp\/v2\/pages\/581\/revisions"}],"wp:attachment":[{"href":"https:\/\/ludivine-sophrologue.fr\/index.php\/wp-json\/wp\/v2\/media?parent=581"}],"curies":[{"name":"wp","href":"https:\/\/api.w.org\/{rel}","templated":true}]}}